{"id":1301,"date":"2022-03-27T19:00:18","date_gmt":"2022-03-27T17:00:18","guid":{"rendered":"https:\/\/erdreich.derweltenbaum.ch\/neue-seite-vorlage\/?page_id=1301"},"modified":"2024-02-09T09:49:40","modified_gmt":"2024-02-09T08:49:40","slug":"datenschutzerklaerung","status":"publish","type":"page","link":"https:\/\/erdreich.derweltenbaum.ch\/neue-seite-vorlage\/datenschutzerklaerung\/","title":{"rendered":"Datenschutzerkl\u00e4rung"},"content":{"rendered":"\n<h2 class=\"wp-block-heading\">Einleitung<\/h2>\n\n\n\n<p>Der Schutz deiner Daten ist f\u00fcr uns eine Selbstverst\u00e4ndlichkeit und ein grossen Anliegen. Die ben\u00f6tigten Daten sind stets verschl\u00fcsselt gespeichert und werden nur verschl\u00fcsselt \u00fcbers Internet transferiert. Wir arbeiten mit m\u00f6glichst allen Daten aber spezifisch mit pers\u00f6nlichen Daten Ausschliesslich mit Unternehmen zusammen, welche sich ebenfalls aus \u00dcberzeugung dem Datenschutz und der Achtung der Privatsph\u00e4re verschrieben haben.<\/p>\n\n\n\n<p>So verarbeiten wir Personendaten gem\u00e4ss dem schweizerischen Datenschutzgesetz, sowie der europ\u00e4ischen Datenschutzgrundverordnung.<\/p>\n\n\n\n<p>Diese Datenschutzerkl\u00e4rung umfasst das Besuchen dieser Webseite. Erst bei Kontaktaufnahme deinerseits werden weitere Daten gespeichert und verarbeitet. Mehr Infos dazu gibt es bei Bedarf oder auf Nachfrage.<\/p>\n\n\n\n<h2 class=\"wp-block-heading\">Welche Personendaten werden gesammelt?&nbsp;Zu welchen Zwecken werden die gesammelten Personendaten bearbeitet?&nbsp;Wie lange werden diese gesammelten Personendaten aufbewahrt?<\/h2>\n\n\n\n<p>Beim Aufrufen der Webseite werden folgende Daten f\u00fcr die Absicherung der Webseite, das Verhindern von Spam und f\u00fcr die Verbesserung der Webseite und Inhalte gespeichert:<\/p>\n\n\n\n<ul class=\"wp-block-list\">\n<li>IP-Adresse<\/li>\n\n\n\n<li>Pfad und der Name der angeforderten Seite<\/li>\n\n\n\n<li>Datum und die Uhrzeit der Anforderung<\/li>\n\n\n\n<li>\u00fcbertragene Datenmenge<\/li>\n\n\n\n<li>Zugriffsstatus<\/li>\n\n\n\n<li>Zugriffsart<\/li>\n\n\n\n<li>Webbrowser bzw. Betriebssystem<\/li>\n<\/ul>\n\n\n\n<p>Die Daten werden verschl\u00fcsselt beim Host <a href=\"https:\/\/www.infomaniak.com\/de\/agb\/datenschutzrichtlinien\"><u>Infomaniak <\/u><\/a>zur Verarbeitung in der Schweiz gespeichert.&nbsp;<\/p>\n\n\n\n<h2 class=\"wp-block-heading\">Welche Daten werden durch Eingebettete Dienste von Dritten erhoben und f\u00fcr welche Zwecke?<\/h2>\n\n\n\n<p>Beim Ausf\u00fcllen von Formularen werden die Dienste von <a href=\"https:\/\/www.hcaptcha.com\/privacy\"><u>hCaptcha von Intuition Machines Inc<\/u><\/a> f\u00fcr die Erkennung und Abwehr von automatisierten Bots verwendet.<\/p>\n\n\n\n<p>Beim Abspielen von YouTube Videos wird eine Verbindung zu den Servern von <a href=\"https:\/\/policies.google.com\/privacy?hl=de\"><u>Google\/Youtube<\/u><\/a> hergestellt, Cookies gespeichert und so gewisse Daten erhoben die von Google laut derer Datenschutzerkl\u00e4rung genutzt werden. Diese Verbindung wird nur aufgebaut, wenn das Video abgespielt wird.<\/p>\n\n\n\n<h2 class=\"wp-block-heading\">Wie k\u00f6nnen die Nutzenden der Daten\u00fcbermittlung und -verarbeitung widersprechen?<\/h2>\n\n\n\n<p>Auf Anfrage und mit Nachweis der Identit\u00e4t k\u00f6nnen die gespeicherten Daten eingesehen, berichtigt werden und die L\u00f6schung beauftragt werden.<\/p>\n\n\n\n<p>Am effektivsten sind jedoch technische L\u00f6sungen, wie ein VPN der die private IP-Adresse versteckt oder Cookie- und Scriptblocker-Plugins f\u00fcr den Browser, die ein Tracking erschweren oder verunm\u00f6glichen.<\/p>\n\n\n\n<h2 class=\"wp-block-heading\">Kontaktperson und -adresse<\/h2>\n\n\n\n<p>\u00dcber <em><strong><mark style=\"background-color:rgba(0, 0, 0, 0)\" class=\"has-inline-color has-luminous-vivid-amber-color\">datenschutz@derweltenbaum.ch ist Raphael Seebacher<\/mark><\/strong><\/em> f\u00fcr Fragen zur Datenbearbeitung erreichbar oder <a href=\"https:\/\/www.edoeb.admin.ch\/edoeb\/de\/home\/datenschutz\/grundlagen\/auskunftsrecht.html\">Datenschutzechte\u00a0<\/a> (z.B. Auskunft, Berichtigung, L\u00f6schung, Widerspruch) k\u00f6nnen geltend gemacht werden.<\/p>\n\n\n\n<h2 class=\"wp-block-heading\">Gesetzesgrundlagen<\/h2>\n\n\n\n<p>Schweiz: neues Datenschutzgesetzes (nDSG)<\/p>\n\n\n\n<p>EU: Datenschutz-Grundverordnung (DSGVO)<\/p>\n","protected":false},"excerpt":{"rendered":"<p>Einleitung Der Schutz deiner Daten ist f\u00fcr uns eine Selbstverst\u00e4ndlichkeit und ein grossen Anliegen. Die ben\u00f6tigten Daten sind stets verschl\u00fcsselt gespeichert und werden nur verschl\u00fcsselt \u00fcbers Internet transferiert. Wir arbeiten mit m\u00f6glichst allen Daten aber spezifisch mit pers\u00f6nlichen Daten Ausschliesslich mit Unternehmen zusammen, welche sich ebenfalls aus \u00dcberzeugung dem Datenschutz und der Achtung der Privatsph\u00e4re&hellip;<\/p>\n","protected":false},"author":3,"featured_media":0,"parent":0,"menu_order":0,"comment_status":"closed","ping_status":"closed","template":"","meta":{"footnotes":""},"class_list":["post-1301","page","type-page","status-publish","hentry"],"_links":{"self":[{"href":"https:\/\/erdreich.derweltenbaum.ch\/neue-seite-vorlage\/wp-json\/wp\/v2\/pages\/1301","targetHints":{"allow":["GET"]}}],"collection":[{"href":"https:\/\/erdreich.derweltenbaum.ch\/neue-seite-vorlage\/wp-json\/wp\/v2\/pages"}],"about":[{"href":"https:\/\/erdreich.derweltenbaum.ch\/neue-seite-vorlage\/wp-json\/wp\/v2\/types\/page"}],"author":[{"embeddable":true,"href":"https:\/\/erdreich.derweltenbaum.ch\/neue-seite-vorlage\/wp-json\/wp\/v2\/users\/3"}],"replies":[{"embeddable":true,"href":"https:\/\/erdreich.derweltenbaum.ch\/neue-seite-vorlage\/wp-json\/wp\/v2\/comments?post=1301"}],"version-history":[{"count":4,"href":"https:\/\/erdreich.derweltenbaum.ch\/neue-seite-vorlage\/wp-json\/wp\/v2\/pages\/1301\/revisions"}],"predecessor-version":[{"id":16659,"href":"https:\/\/erdreich.derweltenbaum.ch\/neue-seite-vorlage\/wp-json\/wp\/v2\/pages\/1301\/revisions\/16659"}],"wp:attachment":[{"href":"https:\/\/erdreich.derweltenbaum.ch\/neue-seite-vorlage\/wp-json\/wp\/v2\/media?parent=1301"}],"curies":[{"name":"wp","href":"https:\/\/api.w.org\/{rel}","templated":true}]}}